{"id":5924,"date":"2021-10-31T15:12:11","date_gmt":"2021-10-31T15:12:11","guid":{"rendered":"https:\/\/ramdassguru.pt\/?page_id=5924"},"modified":"2023-01-26T13:29:07","modified_gmt":"2023-01-26T13:29:07","slug":"pagina-inicial-de-manutencao","status":"publish","type":"page","link":"https:\/\/ramdassguru.pt\/pt\/pagina-inicial-de-manutencao\/","title":{"rendered":"Home | maintenance"},"content":{"rendered":"<div class=\"brz-root__container brz-reset-all\">\n<section data-uid=\"ooptshthyvntqigvwtholitzckbbkialubnv\" id=\"ooptshthyvntqigvwtholitzckbbkialubnv\" class=\"brz-section brz-css-lrijb\">\n<div class=\"brz-section__content brz-section--boxed brz-css-cploq brz-css-nkmjz\" data-custom-id=\"zptsqnkquxrwyezrcrqxyxhaqobqmcwtxwdb\">\n<div class=\"brz-bg overflow-hidden absolute top-0 left-0 w-full h-full\">\n<div class=\"brz-bg-image absolute top-0 left-0 w-full h-full bg-no-repeat bg-cover\"><\/div>\n<div class=\"brz-bg-color absolute top-0 left-0 w-full h-full\"><\/div>\n<\/div>\n<div class=\"brz-container brz-css-ehgil\">\n<div class=\"brz-css-yewio brz-css-mvloe brz-wrapper\">\n<div class=\"brz-rich-text brz-rich-text__custom brz-css-xrjfk\" data-custom-id=\"oeufadkqezglvafieendfynnmmvoeodldvjy\">\n<div>\n<p class=\"brz-css-yrnrq\" data-generated-css=\"brz-css-yokcq\" data-uniq-id=\"runen\"><span class=\"brz-cp-color8\">Ashram Ram Dass Guru<\/span><\/p>\n<p class=\"brz-css-zrjti\" data-generated-css=\"brz-css-cmkhl\" data-uniq-id=\"ltvjc\"><span class=\"brz-cp-color8\">na Quinta do Rajo<\/span><strong class=\"brz-cp-color8\"> <\/strong><span class=\"brz-cp-color1\"> <\/span><\/p>\n<\/div>\n<\/div>\n<\/div>\n<\/div>\n<\/div>\n<\/section>\n<section data-uid=\"yoqgnakdovudgldysarjrifgqdpsdvvqaetd\" id=\"yoqgnakdovudgldysarjrifgqdpsdvvqaetd\" class=\"brz-section brz-css-lrijb\">\n<div class=\"brz-section__content brz-section--boxed brz-css-cploq brz-css-klxis\" data-custom-id=\"pztimbxzjsefdwledtlwrrrybtrwzzogxwhd\">\n<div class=\"brz-container brz-css-ehgil brz-css-hyzwh\">\n<div class=\"brz-css-yewio brz-wrapper\">\n<div class=\"brz-rich-text brz-rich-text__custom brz-css-xrjfk\" data-custom-id=\"bdvmhxpvjfwauxivzfxvusbttcazuixcykkf\">\n<div>\n<p class=\"brz-css-kjlvh\" data-generated-css=\"brz-css-hsmsa\" data-uniq-id=\"pmsrh\"><strong>Sat nam, our website is currently under maintenance.\u00a0<\/strong><\/p>\n<\/div>\n<\/div>\n<\/div>\n<div class=\"brz-css-yewio brz-css-dwvai brz-wrapper\">\n<div class=\"brz-spacer brz-css-fkxwt brz-css-qliod\"><\/div>\n<\/div>\n<div class=\"brz-row__container brz-css-zrifi\" data-custom-id=\"niimszzkdxppdbbmphovncqgmxjrvzkifrwo\">\n<div class=\"brz-bg overflow-hidden absolute top-0 left-0 w-full h-full\"><\/div>\n<div class=\"brz-row brz-css-fcwbf brz-css-qhhqb\">\n<div class=\"brz-columns brz-css-gwsjf brz-css-dbebn\" data-custom-id=\"ywmewurxuglnfmyfaqyfsschqynouoojvulr\">\n<div class=\"brz-bg overflow-hidden absolute top-0 left-0 w-full h-full\"><\/div>\n<div class=\"brz-column__items brz-css-iczdx brz-css-teewm\">\n<div class=\"brz-css-yewio brz-css-xcmad brz-wrapper\">\n<div class=\"brz-rich-text brz-rich-text__custom brz-css-xrjfk\" data-custom-id=\"uwfzummplcnsjdxldmrqgibjrhjtzfeqhuiw\">\n<div>\n<h2 class=\"brz-css-lwztc\" data-generated-css=\"brz-css-xeogr\" data-uniq-id=\"jazef\"><span class=\"brz-cp-color2\">Contactos<\/span><\/h2>\n<\/div>\n<\/div>\n<\/div>\n<\/div>\n<\/div>\n<div class=\"brz-columns brz-css-gwsjf brz-css-vcvel\" data-custom-id=\"bgdwicgdbidqvrcelpcyiyvcicemlwrilvwy\">\n<div class=\"brz-column__items brz-css-iczdx brz-css-nkuws\">\n<div class=\"brz-css-yewio brz-css-xydjg brz-wrapper\">\n<div class=\"brz-rich-text brz-rich-text__custom brz-css-xrjfk\" data-custom-id=\"lyvpdhiopjhrfgvnvwodqiupgavppbtfzjhh\">\n<div>\n<p class=\"brz-css-wnmxo\" data-uniq-id=\"bbuva\" data-generated-css=\"brz-css-fxenr\">CONTACTO GERAL E LOCALIZA\u00c7\u00c3O<\/p>\n<p class=\"brz-css-pobrb\" data-uniq-id=\"etdqg\" data-generated-css=\"brz-css-aptrd\">Address: Rua do Rajo 1, 2705-736 Santa Susana, S\u00e3o Jo\u00e3o das Lampas, Portugal<\/p>\n<p class=\"brz-css-xcewu\" data-uniq-id=\"lllml\" data-generated-css=\"brz-css-txvfe\">Telephone:\u00a0+351 21 580 64 37<strong> <\/strong>&#8211; Mobile phone:\u00a0+351 911 897 040\u00a0<strong>\u00a0<\/strong><\/p>\n<p class=\"brz-css-bxnaj\" data-uniq-id=\"ekrgg\" data-generated-css=\"brz-css-fxlks\"><\/p>\n<p class=\"brz-css-uhjmu\" data-uniq-id=\"uaney\" data-generated-css=\"brz-css-bwntb\">ATIVIDADES<\/p>\n<p class=\"brz-css-ouspj\" data-uniq-id=\"xjsxi\" data-generated-css=\"brz-css-ajrhs\">Atividades di\u00e1rias:<\/p>\n<ul>\n<li class=\"brz-css-eowih\" data-uniq-id=\"ptvaq\" data-generated-css=\"brz-css-nsdlw\">Aquarian Sadhana 5:30<\/li>\n<li class=\"brz-css-qiqhm\" data-uniq-id=\"hwfpj\" data-generated-css=\"brz-css-dvhns\">Keertan e medita\u00e7\u00e3o de cura 18:30<\/li>\n<\/ul>\n<p class=\"brz-css-fhmdg\" data-uniq-id=\"gqbyn\" data-generated-css=\"brz-css-cwpku\">\u00c9 muito bem-vindo para unir-se \u00e0s pr\u00e1ticas!<\/p>\n<p class=\"brz-css-wgyiv\" data-uniq-id=\"zgsjd\" data-generated-css=\"brz-css-ypzfe\"><\/p>\n<p class=\"brz-css-kpsqp\" data-generated-css=\"brz-css-qnhbl\" data-uniq-id=\"tkdqm\">Atividades regulares:<\/p>\n<ul>\n<li class=\"brz-css-dqtha\" data-generated-css=\"brz-css-lklun\" data-uniq-id=\"sqtbq\">Tenda vermelha: c\u00edrculo de mulheres a cada lua nova e lua cheia<\/li>\n<li class=\"brz-css-ksfxc\" data-generated-css=\"brz-css-eubvy\" data-uniq-id=\"lzmfu\">Ioga para crian\u00e7as: todos os s\u00e1bados das 16h30 \u00e0s 17h30<\/li>\n<li class=\"brz-css-pvomf\" data-generated-css=\"brz-css-isheo\" data-uniq-id=\"hagee\">Aulas de Kundalini Yoga, medita\u00e7\u00e3o, banho de gong\u2026<\/li>\n<\/ul>\n<p class=\"brz-css-lssev\" data-generated-css=\"brz-css-tnhrk\" data-uniq-id=\"ndlap\">Para mais informa\u00e7\u00f5es ou para reservar o seu lugar contacte-nos em booking@ramdassguru.pt<\/p>\n<p class=\"brz-css-eganz\" data-generated-css=\"brz-css-qropx\" data-uniq-id=\"krubj\"><\/p>\n<p class=\"brz-css-ucjzn\" data-generated-css=\"brz-css-vdzkf\" data-uniq-id=\"apksj\">BOOKINGS\u00a0<\/p>\n<p class=\"brz-css-fhexv\" data-generated-css=\"brz-css-upptp\" data-uniq-id=\"hpzjk\">Se gostaria de visitar-nos como convidado ou para reservar o seu lugar para um evento, por favor contacte-nos em booking@ramdassguru.pt<\/p>\n<p class=\"brz-css-wokiw\" data-uniq-id=\"cpavq\" data-generated-css=\"brz-css-liuem\"><\/p>\n<p class=\"brz-css-sxfev\" data-generated-css=\"brz-css-zcxrq\" data-uniq-id=\"zodek\">ALUGUER DE ESPA\u00c7OS<\/p>\n<p class=\"brz-css-ivamv\" data-generated-css=\"brz-css-bonve\" data-uniq-id=\"neiwz\">Alugue o nosso espa\u00e7o para o seu grupo ou ocasi\u00e3o.<\/p>\n<ul>\n<li class=\"brz-css-rtewj\" data-generated-css=\"brz-css-geipt\" data-uniq-id=\"dxdku\">Instala\u00e7\u00f5es: Sala de Yoga | The Lounge | \u00c1rea da cozinha | Pagode<\/li>\n<li class=\"brz-css-rudfy\" data-generated-css=\"brz-css-xwuih\" data-uniq-id=\"juxtr\">V\u00e1rios servi\u00e7os ao longo da sua reserva: Equipamento inclu\u00eddo | Lanches e refei\u00e7\u00f5es | Alojamento | Ashram Garden | Estacionamento | Passeios pela natureza<\/li>\n<\/ul>\n<p class=\"brz-css-lpwqf\" data-uniq-id=\"bzvra\" data-generated-css=\"brz-css-cdzas\">Para mais informa\u00e7\u00f5es ou para agendar uma visita, contacte-nos em info@ramdassguru.pt | +351 911 897 040<\/p>\n<p class=\"brz-css-gvefi\" data-generated-css=\"brz-css-enqid\" data-uniq-id=\"qzxuz\"><\/p>\n<p class=\"brz-css-ddcad\" data-uniq-id=\"uyuxl\" data-generated-css=\"brz-css-fcmhr\">PROGRAMA SEVA<\/p>\n<p class=\"brz-css-gumtg\" data-generated-css=\"brz-css-fjkqj\" data-uniq-id=\"ijehy\">Existem diferentes op\u00e7\u00f5es no nosso Programa Seva, todas as quais ir\u00e3o apoi\u00e1-lo no seu caminho para a autoconsci\u00eancia e crescimento espiritual.<\/p>\n<p class=\"brz-css-tgtgm\" data-generated-css=\"brz-css-trpbb\" data-uniq-id=\"zscxg\">Junte-se a n\u00f3s no programa de 40 dias ou apenas por alguns dias.<\/p>\n<p class=\"brz-css-esesw\" data-uniq-id=\"kzimc\" data-generated-css=\"brz-css-uxdsi\">Para se inscrever, entre em contacto connosco em seva@ramdassguru.pt<\/p>\n<p class=\"brz-css-ddphj\" data-uniq-id=\"rdqpk\" data-generated-css=\"brz-css-zlizj\"><\/p>\n<p class=\"brz-css-qiner\" data-uniq-id=\"jmopz\" data-generated-css=\"brz-css-uzjet\">DONATIVOS<\/p>\n<p class=\"brz-css-bunly\" data-uniq-id=\"ytzls\" data-generated-css=\"brz-css-jkedb\">Pode apoiar os Programas Sociais do Ashram e ARDG atrav\u00e9s de uma doa\u00e7\u00e3o livre.<\/p>\n<p class=\"brz-css-glpdd\" data-generated-css=\"brz-css-eicbc\" data-uniq-id=\"qdjkb\">As doa\u00e7\u00f5es s\u00e3o poss\u00edveis por <a href=\"https:\/\/www.paypal.com\/donate\/?cmd=_s-xclick&amp;hosted_button_id=KA7RALZUNKTN6&amp;source=url\" class=\"link--external\" data-brz-link-type=\"external\">Paypal<\/a> ou transfer\u00eancia banc\u00e1ria: PT50 0007 0000 0016 9422 6262 3 (BIC: BESCPTL)<\/p>\n<\/div>\n<\/div>\n<\/div>\n<div class=\"brz-css-yewio brz-css-dwvai brz-css-eeenn brz-wrapper\">\n<div class=\"brz-spacer brz-css-fkxwt brz-css-xoqry\"><\/div>\n<\/div>\n<\/div>\n<\/div>\n<\/div>\n<\/div>\n<div class=\"brz-css-yewio brz-css-dwvai brz-wrapper\">\n<div class=\"brz-spacer brz-css-fkxwt\"><\/div>\n<\/div>\n<div class=\"brz-css-yewio brz-wrapper\">\n<div class=\"brz-rich-text brz-rich-text__custom brz-css-xrjfk\" data-custom-id=\"iaodeypmrzjypmbaimtsoowlahttlnyvctfn\">\n<div>\n<p data-uniq-id=\"oexjv\" data-generated-css=\"brz-css-rnywm\" class=\"brz-css-ldrgm\">Vemo-nos em breve!<\/p>\n<p class=\"brz-css-udlze\" data-generated-css=\"brz-css-ealgi\" data-uniq-id=\"wbpcm\"><\/p>\n<p class=\"brz-css-vnyex\" data-generated-css=\"brz-css-kcgvj\" data-uniq-id=\"vlntu\"><\/p>\n<\/div>\n<\/div>\n<\/div>\n<div class=\"brz-css-yewio brz-wrapper\">\n<div class=\"brz-image brz-css-vradn\"><img decoding=\"async\" class=\"brz-img\" src=\"https:\/\/ramdassguru.pt\/wp-content\/uploads\/brizy\/imgs\/logo-ardg-250x162x17x0x215x162x1635772755.jpeg\" alt=\"logo ardg\" loading=\"lazy\" \/><\/div>\n<\/div>\n<\/div>\n<\/div>\n<\/section>\n<section data-uid=\"bjceskvjvturnargtrqojighefanotpxqqrm\" id=\"bjceskvjvturnargtrqojighefanotpxqqrm\" class=\"brz-section brz-css-lrijb\">\n<div class=\"brz-section__content brz-section--boxed brz-css-cploq\" data-custom-id=\"zkninagwjxcldrrbdqupixvxdvnnxtsfcoeu\">\n<div class=\"brz-container brz-css-ehgil\"><\/div>\n<\/div>\n<\/section>\n<\/div>\n<p><!-- version:1674739747 --><\/p>","protected":false},"excerpt":{"rendered":"<p>Ashram Ram Dass Guru at Quinta do Rajo Sat nam, our website is currently under maintenance.\u00a0 Contact GENERAL CONTACT &amp; LOCATION Address: Rua do Rajo 1, 2705-736 Santa Susana, S\u00e3o Jo\u00e3o das Lampas, Portugal Telephone:\u00a0+351 21 580 64 37 &#8211; Mobile phone:\u00a0+351 911 897 040\u00a0\u00a0 ACTIVITIES Daily activities: Aquarian Sadhana 5:30 am Keertan and healing [&hellip;]<\/p>\n","protected":false},"author":1,"featured_media":0,"parent":0,"menu_order":0,"comment_status":"closed","ping_status":"closed","template":"","meta":{"site-sidebar-layout":"default","site-content-layout":"default","ast-site-content-layout":"","site-content-style":"default","site-sidebar-style":"default","ast-global-header-display":"","ast-banner-title-visibility":"","ast-main-header-display":"disabled","ast-hfb-above-header-display":"","ast-hfb-below-header-display":"","ast-hfb-mobile-header-display":"disabled","site-post-title":"disabled","ast-breadcrumbs-content":"","ast-featured-img":"","footer-sml-layout":"disabled","theme-transparent-header-meta":"default","adv-header-id-meta":"","stick-header-meta":"","header-above-stick-meta":"","header-main-stick-meta":"","header-below-stick-meta":"","astra-migrate-meta-layouts":"default","ast-page-background-enabled":"default","ast-page-background-meta":{"desktop":{"background-color":"","background-image":"","background-repeat":"repeat","background-position":"center center","background-size":"auto","background-attachment":"scroll","background-type":"","background-media":"","overlay-type":"","overlay-color":"","overlay-opacity":"","overlay-gradient":""},"tablet":{"background-color":"","background-image":"","background-repeat":"repeat","background-position":"center center","background-size":"auto","background-attachment":"scroll","background-type":"","background-media":"","overlay-type":"","overlay-color":"","overlay-opacity":"","overlay-gradient":""},"mobile":{"background-color":"","background-image":"","background-repeat":"repeat","background-position":"center center","background-size":"auto","background-attachment":"scroll","background-type":"","background-media":"","overlay-type":"","overlay-color":"","overlay-opacity":"","overlay-gradient":""}},"ast-content-background-meta":{"desktop":{"background-color":"var(--ast-global-color-5)","background-image":"","background-repeat":"repeat","background-position":"center center","background-size":"auto","background-attachment":"scroll","background-type":"","background-media":"","overlay-type":"","overlay-color":"","overlay-opacity":"","overlay-gradient":""},"tablet":{"background-color":"var(--ast-global-color-5)","background-image":"","background-repeat":"repeat","background-position":"center center","background-size":"auto","background-attachment":"scroll","background-type":"","background-media":"","overlay-type":"","overlay-color":"","overlay-opacity":"","overlay-gradient":""},"mobile":{"background-color":"var(--ast-global-color-5)","background-image":"","background-repeat":"repeat","background-position":"center center","background-size":"auto","background-attachment":"scroll","background-type":"","background-media":"","overlay-type":"","overlay-color":"","overlay-opacity":"","overlay-gradient":""}},"footnotes":""},"class_list":["post-5924","page","type-page","status-publish","hentry"],"yoast_head":"<!-- This site is optimized with the Yoast SEO plugin v27.1.1 - https:\/\/yoast.com\/product\/yoast-seo-wordpress\/ -->\n<title>Home | maintenance - Ashram Ram Dass Guru<\/title>\n<meta name=\"robots\" content=\"index, follow, max-snippet:-1, max-image-preview:large, max-video-preview:-1\" \/>\n<link rel=\"canonical\" href=\"https:\/\/ramdassguru.pt\/pt\/pagina-inicial-de-manutencao\/\" \/>\n<meta property=\"og:locale\" content=\"pt_PT\" \/>\n<meta property=\"og:type\" content=\"article\" \/>\n<meta property=\"og:title\" content=\"Home | maintenance - Ashram Ram Dass Guru\" \/>\n<meta property=\"og:description\" content=\"Ashram Ram Dass Guru at Quinta do Rajo Sat nam, our website is currently under maintenance.\u00a0 Contact GENERAL CONTACT &amp; LOCATION Address: Rua do Rajo 1, 2705-736 Santa Susana, S\u00e3o Jo\u00e3o das Lampas, Portugal Telephone:\u00a0+351 21 580 64 37 &#8211; Mobile phone:\u00a0+351 911 897 040\u00a0\u00a0 ACTIVITIES Daily activities: Aquarian Sadhana 5:30 am Keertan and healing [&hellip;]\" \/>\n<meta property=\"og:url\" content=\"https:\/\/ramdassguru.pt\/pt\/pagina-inicial-de-manutencao\/\" \/>\n<meta property=\"og:site_name\" content=\"Ashram Ram Dass Guru\" \/>\n<meta property=\"article:publisher\" content=\"https:\/\/www.facebook.com\/ramdassguru\/\" \/>\n<meta property=\"article:modified_time\" content=\"2023-01-26T13:29:07+00:00\" \/>\n<meta property=\"og:image\" content=\"https:\/\/ramdassguru.pt\/wp-content\/uploads\/brizy\/imgs\/logo-ardg-250x162x17x0x215x162x1635772755.jpeg\" \/>\n<meta name=\"twitter:card\" content=\"summary_large_image\" \/>\n<meta name=\"twitter:label1\" content=\"Tempo estimado de leitura\" \/>\n\t<meta name=\"twitter:data1\" content=\"1 minuto\" \/>\n<script type=\"application\/ld+json\" class=\"yoast-schema-graph\">{\"@context\":\"https:\/\/schema.org\",\"@graph\":[{\"@type\":\"WebPage\",\"@id\":\"https:\/\/ramdassguru.pt\/pagina-inicial-de-manutencao\/\",\"url\":\"https:\/\/ramdassguru.pt\/pagina-inicial-de-manutencao\/\",\"name\":\"Home | maintenance - Ashram Ram Dass Guru\",\"isPartOf\":{\"@id\":\"https:\/\/ramdassguru.pt\/#website\"},\"primaryImageOfPage\":{\"@id\":\"https:\/\/ramdassguru.pt\/pagina-inicial-de-manutencao\/#primaryimage\"},\"image\":{\"@id\":\"https:\/\/ramdassguru.pt\/pagina-inicial-de-manutencao\/#primaryimage\"},\"thumbnailUrl\":\"https:\/\/ramdassguru.pt\/wp-content\/uploads\/brizy\/imgs\/logo-ardg-250x162x17x0x215x162x1635772755.jpeg\",\"datePublished\":\"2021-10-31T15:12:11+00:00\",\"dateModified\":\"2023-01-26T13:29:07+00:00\",\"breadcrumb\":{\"@id\":\"https:\/\/ramdassguru.pt\/pagina-inicial-de-manutencao\/#breadcrumb\"},\"inLanguage\":\"pt-PT\",\"potentialAction\":[{\"@type\":\"ReadAction\",\"target\":[\"https:\/\/ramdassguru.pt\/pagina-inicial-de-manutencao\/\"]}]},{\"@type\":\"ImageObject\",\"inLanguage\":\"pt-PT\",\"@id\":\"https:\/\/ramdassguru.pt\/pagina-inicial-de-manutencao\/#primaryimage\",\"url\":\"https:\/\/ramdassguru.pt\/wp-content\/uploads\/brizy\/imgs\/logo-ardg-250x162x17x0x215x162x1635772755.jpeg\",\"contentUrl\":\"https:\/\/ramdassguru.pt\/wp-content\/uploads\/brizy\/imgs\/logo-ardg-250x162x17x0x215x162x1635772755.jpeg\"},{\"@type\":\"BreadcrumbList\",\"@id\":\"https:\/\/ramdassguru.pt\/pagina-inicial-de-manutencao\/#breadcrumb\",\"itemListElement\":[{\"@type\":\"ListItem\",\"position\":1,\"name\":\"Home\",\"item\":\"https:\/\/ramdassguru.pt\/\"},{\"@type\":\"ListItem\",\"position\":2,\"name\":\"Home | maintenance\"}]},{\"@type\":\"WebSite\",\"@id\":\"https:\/\/ramdassguru.pt\/#website\",\"url\":\"https:\/\/ramdassguru.pt\/\",\"name\":\"Associa\u00e7\u00e3o Ram Dass Guru\",\"description\":\"Digital Agency Website\",\"publisher\":{\"@id\":\"https:\/\/ramdassguru.pt\/#organization\"},\"potentialAction\":[{\"@type\":\"SearchAction\",\"target\":{\"@type\":\"EntryPoint\",\"urlTemplate\":\"https:\/\/ramdassguru.pt\/?s={search_term_string}\"},\"query-input\":{\"@type\":\"PropertyValueSpecification\",\"valueRequired\":true,\"valueName\":\"search_term_string\"}}],\"inLanguage\":\"pt-PT\"},{\"@type\":\"Organization\",\"@id\":\"https:\/\/ramdassguru.pt\/#organization\",\"name\":\"Associa\u00e7\u00e3o Ram Dass Guru\",\"url\":\"https:\/\/ramdassguru.pt\/\",\"logo\":{\"@type\":\"ImageObject\",\"inLanguage\":\"pt-PT\",\"@id\":\"https:\/\/ramdassguru.pt\/#\/schema\/logo\/image\/\",\"url\":\"https:\/\/ramdassguru.pt\/wp-content\/uploads\/2019\/08\/logo-ardg.jpg\",\"contentUrl\":\"https:\/\/ramdassguru.pt\/wp-content\/uploads\/2019\/08\/logo-ardg.jpg\",\"width\":345,\"height\":224,\"caption\":\"Associa\u00e7\u00e3o Ram Dass Guru\"},\"image\":{\"@id\":\"https:\/\/ramdassguru.pt\/#\/schema\/logo\/image\/\"},\"sameAs\":[\"https:\/\/www.facebook.com\/ramdassguru\/\"]}]}<\/script>\n<!-- \/ Yoast SEO plugin. -->","yoast_head_json":{"title":"Home | maintenance - Ashram Ram Dass Guru","robots":{"index":"index","follow":"follow","max-snippet":"max-snippet:-1","max-image-preview":"max-image-preview:large","max-video-preview":"max-video-preview:-1"},"canonical":"https:\/\/ramdassguru.pt\/pt\/pagina-inicial-de-manutencao\/","og_locale":"pt_PT","og_type":"article","og_title":"Home | maintenance - Ashram Ram Dass Guru","og_description":"Ashram Ram Dass Guru at Quinta do Rajo Sat nam, our website is currently under maintenance.\u00a0 Contact GENERAL CONTACT &amp; LOCATION Address: Rua do Rajo 1, 2705-736 Santa Susana, S\u00e3o Jo\u00e3o das Lampas, Portugal Telephone:\u00a0+351 21 580 64 37 &#8211; Mobile phone:\u00a0+351 911 897 040\u00a0\u00a0 ACTIVITIES Daily activities: Aquarian Sadhana 5:30 am Keertan and healing [&hellip;]","og_url":"https:\/\/ramdassguru.pt\/pt\/pagina-inicial-de-manutencao\/","og_site_name":"Ashram Ram Dass Guru","article_publisher":"https:\/\/www.facebook.com\/ramdassguru\/","article_modified_time":"2023-01-26T13:29:07+00:00","og_image":[{"url":"https:\/\/ramdassguru.pt\/wp-content\/uploads\/brizy\/imgs\/logo-ardg-250x162x17x0x215x162x1635772755.jpeg","type":"","width":"","height":""}],"twitter_card":"summary_large_image","twitter_misc":{"Tempo estimado de leitura":"1 minuto"},"schema":{"@context":"https:\/\/schema.org","@graph":[{"@type":"WebPage","@id":"https:\/\/ramdassguru.pt\/pagina-inicial-de-manutencao\/","url":"https:\/\/ramdassguru.pt\/pagina-inicial-de-manutencao\/","name":"Home | maintenance - Ashram Ram Dass Guru","isPartOf":{"@id":"https:\/\/ramdassguru.pt\/#website"},"primaryImageOfPage":{"@id":"https:\/\/ramdassguru.pt\/pagina-inicial-de-manutencao\/#primaryimage"},"image":{"@id":"https:\/\/ramdassguru.pt\/pagina-inicial-de-manutencao\/#primaryimage"},"thumbnailUrl":"https:\/\/ramdassguru.pt\/wp-content\/uploads\/brizy\/imgs\/logo-ardg-250x162x17x0x215x162x1635772755.jpeg","datePublished":"2021-10-31T15:12:11+00:00","dateModified":"2023-01-26T13:29:07+00:00","breadcrumb":{"@id":"https:\/\/ramdassguru.pt\/pagina-inicial-de-manutencao\/#breadcrumb"},"inLanguage":"pt-PT","potentialAction":[{"@type":"ReadAction","target":["https:\/\/ramdassguru.pt\/pagina-inicial-de-manutencao\/"]}]},{"@type":"ImageObject","inLanguage":"pt-PT","@id":"https:\/\/ramdassguru.pt\/pagina-inicial-de-manutencao\/#primaryimage","url":"https:\/\/ramdassguru.pt\/wp-content\/uploads\/brizy\/imgs\/logo-ardg-250x162x17x0x215x162x1635772755.jpeg","contentUrl":"https:\/\/ramdassguru.pt\/wp-content\/uploads\/brizy\/imgs\/logo-ardg-250x162x17x0x215x162x1635772755.jpeg"},{"@type":"BreadcrumbList","@id":"https:\/\/ramdassguru.pt\/pagina-inicial-de-manutencao\/#breadcrumb","itemListElement":[{"@type":"ListItem","position":1,"name":"Home","item":"https:\/\/ramdassguru.pt\/"},{"@type":"ListItem","position":2,"name":"Home | maintenance"}]},{"@type":"WebSite","@id":"https:\/\/ramdassguru.pt\/#website","url":"https:\/\/ramdassguru.pt\/","name":"Associa\u00e7\u00e3o Ram Dass Guru","description":"Digital Agency Website","publisher":{"@id":"https:\/\/ramdassguru.pt\/#organization"},"potentialAction":[{"@type":"SearchAction","target":{"@type":"EntryPoint","urlTemplate":"https:\/\/ramdassguru.pt\/?s={search_term_string}"},"query-input":{"@type":"PropertyValueSpecification","valueRequired":true,"valueName":"search_term_string"}}],"inLanguage":"pt-PT"},{"@type":"Organization","@id":"https:\/\/ramdassguru.pt\/#organization","name":"Associa\u00e7\u00e3o Ram Dass Guru","url":"https:\/\/ramdassguru.pt\/","logo":{"@type":"ImageObject","inLanguage":"pt-PT","@id":"https:\/\/ramdassguru.pt\/#\/schema\/logo\/image\/","url":"https:\/\/ramdassguru.pt\/wp-content\/uploads\/2019\/08\/logo-ardg.jpg","contentUrl":"https:\/\/ramdassguru.pt\/wp-content\/uploads\/2019\/08\/logo-ardg.jpg","width":345,"height":224,"caption":"Associa\u00e7\u00e3o Ram Dass Guru"},"image":{"@id":"https:\/\/ramdassguru.pt\/#\/schema\/logo\/image\/"},"sameAs":["https:\/\/www.facebook.com\/ramdassguru\/"]}]}},"_links":{"self":[{"href":"https:\/\/ramdassguru.pt\/pt\/wp-json\/wp\/v2\/pages\/5924","targetHints":{"allow":["GET"]}}],"collection":[{"href":"https:\/\/ramdassguru.pt\/pt\/wp-json\/wp\/v2\/pages"}],"about":[{"href":"https:\/\/ramdassguru.pt\/pt\/wp-json\/wp\/v2\/types\/page"}],"author":[{"embeddable":true,"href":"https:\/\/ramdassguru.pt\/pt\/wp-json\/wp\/v2\/users\/1"}],"replies":[{"embeddable":true,"href":"https:\/\/ramdassguru.pt\/pt\/wp-json\/wp\/v2\/comments?post=5924"}],"version-history":[{"count":28,"href":"https:\/\/ramdassguru.pt\/pt\/wp-json\/wp\/v2\/pages\/5924\/revisions"}],"predecessor-version":[{"id":6260,"href":"https:\/\/ramdassguru.pt\/pt\/wp-json\/wp\/v2\/pages\/5924\/revisions\/6260"}],"wp:attachment":[{"href":"https:\/\/ramdassguru.pt\/pt\/wp-json\/wp\/v2\/media?parent=5924"}],"curies":[{"name":"wp","href":"https:\/\/api.w.org\/{rel}","templated":true}]}}